{"id":115,"date":"2018-11-11T14:11:19","date_gmt":"2018-11-11T14:11:19","guid":{"rendered":"https:\/\/tafel-drensteinfurt.de\/?page_id=115"},"modified":"2025-12-21T18:01:52","modified_gmt":"2025-12-21T18:01:52","slug":"spenden","status":"publish","type":"page","link":"https:\/\/www.tafel-drensteinfurt.de\/?page_id=115","title":{"rendered":"Spenden"},"content":{"rendered":"<p>Sie m\u00f6chten spenden?<\/p>\n<p>Wir freuen uns \u00fcber ihre Unterst\u00fctzung. Durch die stetig wachsende Zahl unserer Kunden, ben\u00f6tigen wir viel Hilfe, in Form von Geldspenden sowie auch Sachspenden, die Sie uns unter info(at)tafel-drensteinfurt anbieten k\u00f6nnen.<\/p>\n<p>Sie k\u00f6nnen uns auch als Mitglied (36 \u20ac\/Jahr) oder F\u00f6rdermitglied regelm\u00e4\u00dfig mit ihrem Beitrag helfen. Dazu laden Sie das entsprechende Formular herunter <a href=\"https:\/\/www.tafel-drensteinfurt.de\/wp-content\/uploads\/2023\/01\/Tafel_2022-Flyer-f\u00fcr-homepage.pdf\">Beitritt Mitglied<\/a> und drucken es aus.\u00a0 Ausgef\u00fcllt und unterschrieben schicken sie die Erkl\u00e4rung bitte dann an die angegebene Adresse.<\/p>\n<p>Spenden und Mitgliedsbeitr\u00e4ge an unseren gemeinn\u00fctzigen Verein sind steuerrechtlich absetzbar. Bis zu 200 \u20ac Zuwendung reicht ihr Kontoauszug; gerne stellen wir Ihnen auch jederzeit eine absatzf\u00e4hige Quittung aus.<\/p>\n<p>Unsere Bankverbindungen:<\/p>\n<p>Drensteinfurter Tafel e.V.<\/p>\n<p>Volksbank M\u00fcnsterland Nord eG,\u00a0 IBAN: DE93 4036 1906 7240 1620 00<\/p>\n<p>Sparkasse M\u00fcnsterland Ost, IBAN: DE47 4005 0150 0034 4336 31<\/p>\n<style>\r\n        .wpedon-container .wpedon-select,\r\n        .wpedon-container .wpedon-input {\r\n            width: 171px;\r\n            min-width: 171px;\r\n            max-width: 171px;\r\n        }\r\n    <\/style><div class='wpedon-container wpedon-align-center'><label id='wpedon-111-name-label'>Spende Tafel Drensteinfurt \u00fcber PayPal<\/label><br \/><form target='_blank' action='https:\/\/www.paypal.com\/cgi-bin\/webscr' method='post' class='wpedon-form'><input type='hidden' name='cmd' value='_donations' \/><input type='hidden' name='business' value='info@tafel-drensteinfurt.de' \/><input type='hidden' name='currency_code' value='EUR' \/><input type='hidden' name='notify_url' value='https:\/\/www.tafel-drensteinfurt.de\/wp-admin\/admin-post.php?action=add_wpedon_button_ipn'><input type='hidden' name='lc' value='de_DE'><input type='hidden' name='bn' value='WPPlugin_SP'><input type='hidden' name='return' value='' \/><input type='hidden' name='cancel_return' value='' \/><input class='wpedon_paypalbuttonimage' type='image' src='https:\/\/www.paypal.com\/de_DE\/DE\/i\/btn\/btn_donateCC_LG.gif' border='0' name='submit' alt='Make your payments with PayPal. It is free, secure, effective.' style='border: none;'><img alt='' border='0' style='border:none;display:none;' src='https:\/\/www.paypal.com\/de_DE\/i\/scr\/pixel.gif' width='1' height='1'><input type='hidden' name='amount' id='amount_58da861ae5d0a9bfd1654604e30c1b25' value='' \/><input type='hidden' name='price' id='price_58da861ae5d0a9bfd1654604e30c1b25' value='' \/><input type='hidden' name='item_number' value='' \/><input type='hidden' name='item_name' value='Spende Tafel Drensteinfurt \u00fcber PayPal' \/><input type='hidden' name='name' value='Spende Tafel Drensteinfurt \u00fcber PayPal' \/><input type='hidden' name='custom' value='111'><input type='hidden' name='no_shipping' value='1'><input type='hidden' name='no_note' value='1'><input type='hidden' name='currency_code' value='EUR'><\/form><\/div>\n<p>&nbsp;<\/p>\n<p><img loading=\"lazy\" decoding=\"async\" class=\"alignnone wp-image-225\" src=\"https:\/\/www.tafel-drensteinfurt.de\/wp-content\/uploads\/2019\/09\/DPL-Logo_projektbezogen_Web-300x212.png\" alt=\"\" width=\"258\" height=\"182\" srcset=\"https:\/\/www.tafel-drensteinfurt.de\/wp-content\/uploads\/2019\/09\/DPL-Logo_projektbezogen_Web-300x212.png 300w, https:\/\/www.tafel-drensteinfurt.de\/wp-content\/uploads\/2019\/09\/DPL-Logo_projektbezogen_Web-768x543.png 768w, https:\/\/www.tafel-drensteinfurt.de\/wp-content\/uploads\/2019\/09\/DPL-Logo_projektbezogen_Web-1024x724.png 1024w\" sizes=\"(max-width: 258px) 100vw, 258px\" \/>\u00a0 \u00a0 \u00a0 \u00a0 \u00a0 \u00a0 \u00a0 \u00a0\u00a0<img loading=\"lazy\" decoding=\"async\" class=\"alignnone size-medium wp-image-264\" src=\"https:\/\/www.tafel-drensteinfurt.de\/wp-content\/uploads\/2020\/04\/AM_Foerderungs_Logo_RGB-300x176.png\" alt=\"\" width=\"300\" height=\"176\" srcset=\"https:\/\/www.tafel-drensteinfurt.de\/wp-content\/uploads\/2020\/04\/AM_Foerderungs_Logo_RGB-300x176.png 300w, https:\/\/www.tafel-drensteinfurt.de\/wp-content\/uploads\/2020\/04\/AM_Foerderungs_Logo_RGB-768x451.png 768w, https:\/\/www.tafel-drensteinfurt.de\/wp-content\/uploads\/2020\/04\/AM_Foerderungs_Logo_RGB-1024x602.png 1024w, https:\/\/www.tafel-drensteinfurt.de\/wp-content\/uploads\/2020\/04\/AM_Foerderungs_Logo_RGB.png 1181w\" sizes=\"(max-width: 300px) 100vw, 300px\" \/><\/p>\n<p><img loading=\"lazy\" decoding=\"async\" class=\"alignnone size-medium wp-image-131\" style=\"font-size: 1.0625rem;\" src=\"https:\/\/www.tafel-drensteinfurt.de\/wp-content\/uploads\/2018\/11\/Logo-WSML-gross-300x39.jpg\" alt=\"\" width=\"300\" height=\"39\" srcset=\"https:\/\/www.tafel-drensteinfurt.de\/wp-content\/uploads\/2018\/11\/Logo-WSML-gross-300x39.jpg 300w, https:\/\/www.tafel-drensteinfurt.de\/wp-content\/uploads\/2018\/11\/Logo-WSML-gross-768x100.jpg 768w, https:\/\/www.tafel-drensteinfurt.de\/wp-content\/uploads\/2018\/11\/Logo-WSML-gross-1024x134.jpg 1024w\" sizes=\"(max-width: 300px) 100vw, 300px\" \/><\/p>\n<p><img loading=\"lazy\" decoding=\"async\" class=\"alignnone size-medium wp-image-215\" style=\"font-size: 1.0625rem;\" src=\"https:\/\/www.tafel-drensteinfurt.de\/wp-content\/uploads\/2019\/08\/Sparkasse_Logo2-300x100.jpg\" alt=\"\" width=\"300\" height=\"100\" srcset=\"https:\/\/www.tafel-drensteinfurt.de\/wp-content\/uploads\/2019\/08\/Sparkasse_Logo2-300x100.jpg 300w, https:\/\/www.tafel-drensteinfurt.de\/wp-content\/uploads\/2019\/08\/Sparkasse_Logo2-768x256.jpg 768w, https:\/\/www.tafel-drensteinfurt.de\/wp-content\/uploads\/2019\/08\/Sparkasse_Logo2-1024x341.jpg 1024w\" sizes=\"(max-width: 300px) 100vw, 300px\" \/><\/p>\n","protected":false},"excerpt":{"rendered":"<p>Sie m\u00f6chten spenden? Wir freuen uns \u00fcber ihre Unterst\u00fctzung. Durch die stetig wachsende Zahl unserer Kunden, ben\u00f6tigen wir viel Hilfe, in Form von Geldspenden sowie auch Sachspenden, die Sie uns unter info(at)tafel-drensteinfurt anbieten k\u00f6nnen. Sie k\u00f6nnen uns auch als Mitglied (36 \u20ac\/Jahr) oder F\u00f6rdermitglied regelm\u00e4\u00dfig mit ihrem Beitrag helfen. Dazu<\/p>\n","protected":false},"author":4,"featured_media":0,"parent":0,"menu_order":0,"comment_status":"closed","ping_status":"closed","template":"","meta":{"footnotes":""},"_links":{"self":[{"href":"https:\/\/www.tafel-drensteinfurt.de\/index.php?rest_route=\/wp\/v2\/pages\/115"}],"collection":[{"href":"https:\/\/www.tafel-drensteinfurt.de\/index.php?rest_route=\/wp\/v2\/pages"}],"about":[{"href":"https:\/\/www.tafel-drensteinfurt.de\/index.php?rest_route=\/wp\/v2\/types\/page"}],"author":[{"embeddable":true,"href":"https:\/\/www.tafel-drensteinfurt.de\/index.php?rest_route=\/wp\/v2\/users\/4"}],"replies":[{"embeddable":true,"href":"https:\/\/www.tafel-drensteinfurt.de\/index.php?rest_route=%2Fwp%2Fv2%2Fcomments&post=115"}],"version-history":[{"count":18,"href":"https:\/\/www.tafel-drensteinfurt.de\/index.php?rest_route=\/wp\/v2\/pages\/115\/revisions"}],"predecessor-version":[{"id":276,"href":"https:\/\/www.tafel-drensteinfurt.de\/index.php?rest_route=\/wp\/v2\/pages\/115\/revisions\/276"}],"wp:attachment":[{"href":"https:\/\/www.tafel-drensteinfurt.de\/index.php?rest_route=%2Fwp%2Fv2%2Fmedia&parent=115"}],"curies":[{"name":"wp","href":"https:\/\/api.w.org\/{rel}","templated":true}]}}