{"id":16,"date":"2018-09-15T21:21:44","date_gmt":"2018-09-15T21:21:44","guid":{"rendered":"https:\/\/tafel-drensteinfurt.de\/?page_id=16"},"modified":"2025-12-21T18:06:17","modified_gmt":"2025-12-21T18:06:17","slug":"impressum","status":"publish","type":"page","link":"https:\/\/www.tafel-drensteinfurt.de\/?page_id=16","title":{"rendered":"Impressum"},"content":{"rendered":"<p>Dieses Internetangebot wird unterhalten von J\u00fcrgen Bl\u00fcmer.<\/p>\n<p>Verantwortlich\u00a0 gem\u00e4\u00df \u00a7 6 MDStV:<br \/>\nJ\u00fcrgen Bl\u00fcmer<br \/>\nHermann-Tross-Winkel 4<br \/>\n48317 Drensteinfurt<\/p>\n<p>E-Mail: juergen.bluemer(at)gmx.net<\/p>\n<p>\u00a9 2018 J\u00fcrgen Bl\u00fcmer\/Drensteinfurt. Alle Rechte vorbehalten.<\/p>\n<hr \/>\n<p><strong>Haftung<\/strong><\/p>\n<p>Durch das Urteil vom 12. Mai 1998 &#8222;Haftung f\u00fcr Links&#8220; (312 O 85\/98) hat das Landgericht Hamburg eindeutig entschieden, dass man durch die Anbringung eines Links die Inhalte der gelinkten Seite ggf. mit zu verantworten hat, also haftbar gemacht werden kann; dies kann nur dadurch verhindert werden, indem man sich ausdr\u00fccklich von diesen Inhalten distanziert.<\/p>\n<p>Die Betreiber der Seite distanzieren sich hiermit ausdr\u00fccklich von allen Inhalten s\u00e4mtlicher gelinkter Seiten und verweisen darauf, dass sie weder Einfluss auf Gestaltung und Inhalte der gelinkten Seiten haben noch sich diese Inhalte zu eigen machen.<\/p>\n<p><strong>Tafel Drensteinfurt e.V<\/strong>, Westwall 46, 48317 Drensteinfurt ,Tel.: 02508-2139774, FAX: 02508-2139775, E-Mail: info@tafel-drensteinfurt.de<\/p>\n<p>Zwei Vorstandsmitglieder vertreten den Verein gemeinsam: Der Vorstand besteht aus dem\/der 1. und 2. Vorsitzenden, dem\/der Kassierer\/in und dem\/der Gesch\u00e4ftsf\u00fchrer\/in.<\/p>\n<ol>\n<li>Vorsitzender: Gengenbacher, Stefan, Drensteinfurt<\/li>\n<li>Vorsitzender: Gerlach, Reinhard, Drensteinfurt<\/li>\n<li>Kassiererin: Holler-Kracht, Petra, Drensteinfurt<\/li>\n<li>Gesch\u00e4ftsf\u00fchrer: Stutenb\u00e4umer, Thomas, Drensteinfurt<\/li>\n<\/ol>\n<p>Eingetragen im Vereinsregister des Amtsgerichtes M\u00fcnster, VR 5747.<\/p>\n<p>&nbsp;<\/p>\n","protected":false},"excerpt":{"rendered":"<p>Dieses Internetangebot wird unterhalten von J\u00fcrgen Bl\u00fcmer. Verantwortlich\u00a0 gem\u00e4\u00df \u00a7 6 MDStV: J\u00fcrgen Bl\u00fcmer Hermann-Tross-Winkel 4 48317 Drensteinfurt E-Mail: juergen.bluemer(at)gmx.net \u00a9 2018 J\u00fcrgen Bl\u00fcmer\/Drensteinfurt. Alle Rechte vorbehalten. Haftung Durch das Urteil vom 12. Mai 1998 &#8222;Haftung f\u00fcr Links&#8220; (312 O 85\/98) hat das Landgericht Hamburg eindeutig entschieden, dass man durch<\/p>\n","protected":false},"author":3,"featured_media":0,"parent":0,"menu_order":0,"comment_status":"closed","ping_status":"closed","template":"","meta":{"footnotes":""},"_links":{"self":[{"href":"https:\/\/www.tafel-drensteinfurt.de\/index.php?rest_route=\/wp\/v2\/pages\/16"}],"collection":[{"href":"https:\/\/www.tafel-drensteinfurt.de\/index.php?rest_route=\/wp\/v2\/pages"}],"about":[{"href":"https:\/\/www.tafel-drensteinfurt.de\/index.php?rest_route=\/wp\/v2\/types\/page"}],"author":[{"embeddable":true,"href":"https:\/\/www.tafel-drensteinfurt.de\/index.php?rest_route=\/wp\/v2\/users\/3"}],"replies":[{"embeddable":true,"href":"https:\/\/www.tafel-drensteinfurt.de\/index.php?rest_route=%2Fwp%2Fv2%2Fcomments&post=16"}],"version-history":[{"count":6,"href":"https:\/\/www.tafel-drensteinfurt.de\/index.php?rest_route=\/wp\/v2\/pages\/16\/revisions"}],"predecessor-version":[{"id":663,"href":"https:\/\/www.tafel-drensteinfurt.de\/index.php?rest_route=\/wp\/v2\/pages\/16\/revisions\/663"}],"wp:attachment":[{"href":"https:\/\/www.tafel-drensteinfurt.de\/index.php?rest_route=%2Fwp%2Fv2%2Fmedia&parent=16"}],"curies":[{"name":"wp","href":"https:\/\/api.w.org\/{rel}","templated":true}]}}