{"id":2,"date":"2018-09-15T14:21:40","date_gmt":"2018-09-15T14:21:40","guid":{"rendered":"https:\/\/tafel-drensteinfurt.de\/?page_id=2"},"modified":"2018-11-14T09:54:06","modified_gmt":"2018-11-14T09:54:06","slug":"sample-page","status":"publish","type":"page","link":"https:\/\/www.tafel-drensteinfurt.de\/","title":{"rendered":"Startseite"},"content":{"rendered":"<section class=\"document-section--mission-statement document-section\">\n<article class=\"co--textmedia co\">\n<section class=\"document-section--title document-section--gapless document-section\"><b> <span style=\"font-size: large;\">Die Tafeln: Lebensmittel retten. Menschen helfen.<\/span><\/b><\/section>\n<p>In Deutschland werden t\u00e4glich etliche Tonnen Lebensmittel vernichtet, obwohl sie noch verzehrf\u00e4hig sind. Gleichzeitig herrscht bei vielen Menschen Mangel.<\/p>\n<p>Die gemeinn\u00fctzigen Tafeln schaffen einen Ausgleich: Sie sammeln \u00fcbersch\u00fcssige, qualitativ einwandfreie Lebensmittel und verteilen diese an sozial und wirtschaftlich Benachteiligte.<\/p>\n<p>Mit ihrer schnellen und unb\u00fcrokratischen Hilfe lindern die Tafeln die Folgen von Armut in einer reichen Gesellschaft &#8211; und stehen f\u00fcr Solidarit\u00e4t und Mitmenschlichkeit.<\/p>\n<\/article>\n<\/section>\n<p><b><span style=\"font-size: large;\">Lebensmittel spenden<\/span><\/b><\/p>\n<p>Zu klein, zu krumm, zu viel: In Deutschland werden jeden Tag gro\u00dfe Mengen an Lebensmitteln vernichtet, obwohl ihr Zustand einwandfrei ist. Die Verluste betreffen die gesamte Wertsch\u00f6pfungskette. Der Wunsch nach absoluter Frische, \u00dcberangebot oder sinkende Nachfrage, Sortimentswechsel, ein nahendes Mindesthaltbarkeitsdatum oder Verpackungsfehler sind einige der Gr\u00fcnde, warum Hersteller und H\u00e4ndler qualitativ hochwertige Waren aussortieren.<\/p>\n<p><b><span style=\"font-size: large;\">Geld spenden<\/span><\/b><\/p>\n<p>Mit Ihrer Spende an die Tafel Deutschland tun Sie aktiv etwas gegen Armut und Lebensmittelverschwendung. Die Tafeln sind die wichtigsten und bekanntesten Lebensmittelretter in Deutschland. Nur die Tafeln helfen mit den geretteten Lebensmittel Bed\u00fcrftigen. Kein Wunder, dass 97 Prozent aller Deutschen die Tafeln kennen und f\u00fcr eine gute Sache halten.<\/p>\n<p>Um als Tafel Deutschland m\u00f6glichst viel zu bewegen, brauchen wir Menschen, die mitmachen. Es gibt viele M\u00f6glichkeiten: Werden Sie regelm\u00e4\u00dfiges F\u00f6rdermitglied, spenden Sie gezielt &#8211; zum Beispiel f\u00fcr Kinder. Oder helfen Sie als Firma, gemeinsam mit Ihren Kunden.<\/p>\n<p style=\"text-align: center;\"><style>\r\n        .wpedon-container .wpedon-select,\r\n        .wpedon-container .wpedon-input {\r\n            width: 171px;\r\n            min-width: 171px;\r\n            max-width: 171px;\r\n        }\r\n    <\/style><div class='wpedon-container wpedon-align-center'><label id='wpedon-111-name-label'>Spende Tafel Drensteinfurt \u00fcber PayPal<\/label><br \/><form target='_blank' action='https:\/\/www.paypal.com\/cgi-bin\/webscr' method='post' class='wpedon-form'><input type='hidden' name='cmd' value='_donations' \/><input type='hidden' name='business' value='info@tafel-drensteinfurt.de' \/><input type='hidden' name='currency_code' value='EUR' \/><input type='hidden' name='notify_url' value='https:\/\/www.tafel-drensteinfurt.de\/wp-admin\/admin-post.php?action=add_wpedon_button_ipn'><input type='hidden' name='lc' value='de_DE'><input type='hidden' name='bn' value='WPPlugin_SP'><input type='hidden' name='return' value='' \/><input type='hidden' name='cancel_return' value='' \/><input class='wpedon_paypalbuttonimage' type='image' src='https:\/\/www.paypal.com\/de_DE\/DE\/i\/btn\/btn_donateCC_LG.gif' border='0' name='submit' alt='Make your payments with PayPal. It is free, secure, effective.' style='border: none;'><img alt='' border='0' style='border:none;display:none;' src='https:\/\/www.paypal.com\/de_DE\/i\/scr\/pixel.gif' width='1' height='1'><input type='hidden' name='amount' id='amount_25252bc81af605f7630a072008fd6300' value='' \/><input type='hidden' name='price' id='price_25252bc81af605f7630a072008fd6300' value='' \/><input type='hidden' name='item_number' value='' \/><input type='hidden' name='item_name' value='Spende Tafel Drensteinfurt \u00fcber PayPal' \/><input type='hidden' name='name' value='Spende Tafel Drensteinfurt \u00fcber PayPal' \/><input type='hidden' name='custom' value='111'><input type='hidden' name='no_shipping' value='1'><input type='hidden' name='no_note' value='1'><input type='hidden' name='currency_code' value='EUR'><\/form><\/div><\/p>\n<p>&nbsp;<\/p>\n","protected":false},"excerpt":{"rendered":"<p>Die Tafeln: Lebensmittel retten. Menschen helfen. In Deutschland werden t\u00e4glich etliche Tonnen Lebensmittel vernichtet, obwohl sie noch verzehrf\u00e4hig sind. Gleichzeitig herrscht bei vielen Menschen Mangel. Die gemeinn\u00fctzigen Tafeln schaffen einen Ausgleich: Sie sammeln \u00fcbersch\u00fcssige, qualitativ einwandfreie Lebensmittel und verteilen diese an sozial und wirtschaftlich Benachteiligte. Mit ihrer schnellen und unb\u00fcrokratischen<\/p>\n","protected":false},"author":3,"featured_media":0,"parent":0,"menu_order":0,"comment_status":"closed","ping_status":"closed","template":"","meta":{"footnotes":""},"_links":{"self":[{"href":"https:\/\/www.tafel-drensteinfurt.de\/index.php?rest_route=\/wp\/v2\/pages\/2"}],"collection":[{"href":"https:\/\/www.tafel-drensteinfurt.de\/index.php?rest_route=\/wp\/v2\/pages"}],"about":[{"href":"https:\/\/www.tafel-drensteinfurt.de\/index.php?rest_route=\/wp\/v2\/types\/page"}],"author":[{"embeddable":true,"href":"https:\/\/www.tafel-drensteinfurt.de\/index.php?rest_route=\/wp\/v2\/users\/3"}],"replies":[{"embeddable":true,"href":"https:\/\/www.tafel-drensteinfurt.de\/index.php?rest_route=%2Fwp%2Fv2%2Fcomments&post=2"}],"version-history":[{"count":9,"href":"https:\/\/www.tafel-drensteinfurt.de\/index.php?rest_route=\/wp\/v2\/pages\/2\/revisions"}],"predecessor-version":[{"id":134,"href":"https:\/\/www.tafel-drensteinfurt.de\/index.php?rest_route=\/wp\/v2\/pages\/2\/revisions\/134"}],"wp:attachment":[{"href":"https:\/\/www.tafel-drensteinfurt.de\/index.php?rest_route=%2Fwp%2Fv2%2Fmedia&parent=2"}],"curies":[{"name":"wp","href":"https:\/\/api.w.org\/{rel}","templated":true}]}}